{"id":701,"date":"2024-06-25T10:26:38","date_gmt":"2024-06-25T08:26:38","guid":{"rendered":"https:\/\/appli-voyages.com\/miel\/?page_id=701"},"modified":"2024-06-25T14:30:44","modified_gmt":"2024-06-25T12:30:44","slug":"version-imprimable","status":"publish","type":"page","link":"https:\/\/appli-voyages.com\/miel\/version-imprimable\/","title":{"rendered":"Version imprimable"},"content":{"rendered":"\n<p class=\"has-text-align-center\" style=\"font-size:20px\"><strong><em>N&rsquo;h\u00e9sitez pas cliquer sur le bouton ci dessous pour imprimer l&rsquo;int\u00e9gralit\u00e9 de notre livret d&rsquo;accueil.<\/em><\/strong><\/p>\n","protected":false},"excerpt":{"rendered":"<p>N&rsquo;h\u00e9sitez pas cliquer sur le bouton ci dessous pour imprimer l&rsquo;int\u00e9gralit\u00e9 de notre livret d&rsquo;accueil.<\/p>\n","protected":false},"author":1,"featured_media":0,"parent":0,"menu_order":0,"comment_status":"closed","ping_status":"closed","template":"template-printable.php","meta":{"_acf_changed":false,"footnotes":""},"class_list":["post-701","page","type-page","status-publish","hentry"],"acf":[],"_links":{"self":[{"href":"https:\/\/appli-voyages.com\/miel\/wp-json\/wp\/v2\/pages\/701","targetHints":{"allow":["GET"]}}],"collection":[{"href":"https:\/\/appli-voyages.com\/miel\/wp-json\/wp\/v2\/pages"}],"about":[{"href":"https:\/\/appli-voyages.com\/miel\/wp-json\/wp\/v2\/types\/page"}],"author":[{"embeddable":true,"href":"https:\/\/appli-voyages.com\/miel\/wp-json\/wp\/v2\/users\/1"}],"replies":[{"embeddable":true,"href":"https:\/\/appli-voyages.com\/miel\/wp-json\/wp\/v2\/comments?post=701"}],"version-history":[{"count":3,"href":"https:\/\/appli-voyages.com\/miel\/wp-json\/wp\/v2\/pages\/701\/revisions"}],"predecessor-version":[{"id":730,"href":"https:\/\/appli-voyages.com\/miel\/wp-json\/wp\/v2\/pages\/701\/revisions\/730"}],"wp:attachment":[{"href":"https:\/\/appli-voyages.com\/miel\/wp-json\/wp\/v2\/media?parent=701"}],"curies":[{"name":"wp","href":"https:\/\/api.w.org\/{rel}","templated":true}]}}